{"id":2,"date":"2025-08-12T10:02:22","date_gmt":"2025-08-12T10:02:22","guid":{"rendered":"http:\/\/www.lesayantslibres.fr\/?page_id=2"},"modified":"2025-08-13T09:23:12","modified_gmt":"2025-08-13T09:23:12","slug":"sample-page","status":"publish","type":"page","link":"https:\/\/www.lesayantslibres.fr\/","title":{"rendered":"Les Ayants Libres"},"content":{"rendered":"\n<p class=\"has-text-align-center\"><em>Collectif d&rsquo;entraide pour auteurs et cr\u00e9ateurs.<\/em><\/p>\n\n\n<div class=\"wp-block-image\">\n<figure class=\"aligncenter size-full is-resized\"><img loading=\"lazy\" decoding=\"async\" width=\"298\" height=\"312\" src=\"http:\/\/www.lesayantslibres.fr\/wp-content\/uploads\/2025\/08\/virgule-1.png\" alt=\"\" class=\"wp-image-2541\" style=\"width:72px;height:auto\" srcset=\"https:\/\/www.lesayantslibres.fr\/wp-content\/uploads\/2025\/08\/virgule-1.png 298w, https:\/\/www.lesayantslibres.fr\/wp-content\/uploads\/2025\/08\/virgule-1-287x300.png 287w\" sizes=\"auto, (max-width: 298px) 100vw, 298px\" \/><\/figure>\n<\/div>\n\n\n<p><strong>Un espace d\u2019\u00e9lan, de lien, de cr\u00e9ation.<\/strong><\/p>\n\n\n\n<p>Le collectif est n\u00e9 d\u2019un besoin fondamental : ne plus se sentir seul dans les p\u00e9riodes de cr\u00e9ation. Trop souvent, l\u2019artiste avance dans l\u2019ombre, port\u00e9 par ses doutes, ses \u00e9lans, ses fulgurances, mais isol\u00e9 dans son processus.\u00a0<em>Les Ayants Libres<\/em>\u00a0est une r\u00e9ponse \u00e0 cela. Une main tendue. Un interligne entre les solitudes. Un lien social entre auteurs.<\/p>\n\n\n\n<p><strong>Nous sommes un cercle de cr\u00e9ateurs.<\/strong><\/p>\n\n\n\n<p>Sc\u00e9naristes, \u00e9crivain\u00b7e\u00b7s, compositeur\u00b7ice\u00b7s, illustrateur\u00b7ice\u00b7s, auteurs dramatiques, photographes, po\u00e8tes\u2026 Toute personne investie d\u2019un geste d\u2019auteur a sa place ici. Pas pour prouver. Pas pour performer. Mais pour partager, grandir, \u00e9changer, se soutenir, s\u2019inspirer.<\/p>\n\n\n<div class=\"wp-block-image\">\n<figure class=\"aligncenter size-full is-resized\"><img loading=\"lazy\" decoding=\"async\" width=\"298\" height=\"312\" src=\"http:\/\/www.lesayantslibres.fr\/wp-content\/uploads\/2025\/08\/virgule-1.png\" alt=\"\" class=\"wp-image-2541\" style=\"width:72px;height:auto\" srcset=\"https:\/\/www.lesayantslibres.fr\/wp-content\/uploads\/2025\/08\/virgule-1.png 298w, https:\/\/www.lesayantslibres.fr\/wp-content\/uploads\/2025\/08\/virgule-1-287x300.png 287w\" sizes=\"auto, (max-width: 298px) 100vw, 298px\" \/><\/figure>\n<\/div>\n\n\n<blockquote class=\"wp-block-quote is-layout-flow wp-block-quote-is-layout-flow\">\n<p><strong>Chez Les Ayants Libres, vous trouverez :<\/strong><\/p>\n\n\n\n<p><strong>Transmission &amp; ouverture<\/strong>&nbsp;: accueillir les jeunes plumes comme les auteurs confirm\u00e9s, croiser les g\u00e9n\u00e9rations, les pratiques et les esth\u00e9tiques.<\/p>\n\n\n\n<p><strong>Libert\u00e9 cr\u00e9ative<\/strong>&nbsp;: affranchie des cadres normatifs, respectueuse de toutes les formes d\u2019expression.<\/p>\n\n\n\n<p><strong>Solidarit\u00e9 artistique<\/strong>&nbsp;: entraide concr\u00e8te entre membres, retours bienveillants, \u00e9changes de comp\u00e9tences, soutien moral et professionnel.<\/p>\n\n\n\n<p><strong>Reconnaissance des auteurs<\/strong>\u00a0: lutter contre la pr\u00e9carisation, valoriser les m\u00e9tiers de la cr\u00e9ation, faire entendre les voix des cr\u00e9ateurs dans un march\u00e9 en constante \u00e9volution.<\/p>\n<\/blockquote>\n\n\n<div class=\"wp-block-image\">\n<figure class=\"aligncenter size-full is-resized\"><img loading=\"lazy\" decoding=\"async\" width=\"298\" height=\"312\" src=\"http:\/\/www.lesayantslibres.fr\/wp-content\/uploads\/2025\/08\/virgule-1.png\" alt=\"\" class=\"wp-image-2541\" style=\"width:72px;height:auto\" srcset=\"https:\/\/www.lesayantslibres.fr\/wp-content\/uploads\/2025\/08\/virgule-1.png 298w, https:\/\/www.lesayantslibres.fr\/wp-content\/uploads\/2025\/08\/virgule-1-287x300.png 287w\" sizes=\"auto, (max-width: 298px) 100vw, 298px\" \/><\/figure>\n<\/div>\n\n\n<p><strong>Pourquoi un collectif ?<\/strong><\/p>\n\n\n\n<ul class=\"wp-block-list\">\n<li>Parce que nous croyons que la cr\u00e9ation se nourrit du regard de l\u2019autre.<\/li>\n\n\n\n<li>Parce que l\u2019industrie culturelle peut \u00e9craser, isoler, formater.<\/li>\n\n\n\n<li>Parce qu\u2019il est temps de retrouver du sens, du souffle, du lien.<\/li>\n\n\n\n<li>Nous ne sommes pas un syndicat, ni une structure de production, ni une agence.<\/li>\n\n\n\n<li>Nous sommes un foyer d\u2019id\u00e9es, un atelier vivant, un cercle de confiance.<\/li>\n<\/ul>\n\n\n<div class=\"wp-block-image\">\n<figure class=\"aligncenter size-full is-resized\"><img loading=\"lazy\" decoding=\"async\" width=\"298\" height=\"312\" src=\"http:\/\/www.lesayantslibres.fr\/wp-content\/uploads\/2025\/08\/virgule-1.png\" alt=\"\" class=\"wp-image-2541\" style=\"width:72px;height:auto\" srcset=\"https:\/\/www.lesayantslibres.fr\/wp-content\/uploads\/2025\/08\/virgule-1.png 298w, https:\/\/www.lesayantslibres.fr\/wp-content\/uploads\/2025\/08\/virgule-1-287x300.png 287w\" sizes=\"auto, (max-width: 298px) 100vw, 298px\" \/><\/figure>\n<\/div>\n\n\n<blockquote class=\"wp-block-quote is-layout-flow wp-block-quote-is-layout-flow\">\n<p><strong>Ce que nous faisons :<\/strong><\/p>\n\n\n\n<ul class=\"wp-block-list\">\n<li>Accompagnement solidaire (relecture de dossiers, aide administrative, mentoring)<\/li>\n\n\n\n<li>Groupes de lecture et de retour sur travaux<\/li>\n\n\n\n<li>Ateliers collectifs et r\u00e9sidences d\u2019\u00e9criture<\/li>\n\n\n\n<li>Partages de ressources (contrats, contacts, appels \u00e0 projets)<\/li>\n\n\n\n<li>Actions de visibilit\u00e9 pour nos membres (\u00e9v\u00e9nements, publications, rencontres)<\/li>\n<\/ul>\n<\/blockquote>\n\n\n<div class=\"wp-block-image\">\n<figure class=\"aligncenter size-full is-resized\"><img loading=\"lazy\" decoding=\"async\" width=\"298\" height=\"312\" src=\"http:\/\/www.lesayantslibres.fr\/wp-content\/uploads\/2025\/08\/virgule-1.png\" alt=\"\" class=\"wp-image-2541\" style=\"width:72px;height:auto\" srcset=\"https:\/\/www.lesayantslibres.fr\/wp-content\/uploads\/2025\/08\/virgule-1.png 298w, https:\/\/www.lesayantslibres.fr\/wp-content\/uploads\/2025\/08\/virgule-1-287x300.png 287w\" sizes=\"auto, (max-width: 298px) 100vw, 298px\" \/><\/figure>\n<\/div>\n\n\n<p><strong>Rejoindre le collectif, c\u2019est\u2026<\/strong><\/p>\n\n\n\n<ul class=\"wp-block-list\">\n<li>\u2026 se sentir moins seul dans l\u2019acte de cr\u00e9er.<\/li>\n\n\n\n<li>\u2026 s\u2019entourer de regards exigeants et bienveillants.<\/li>\n\n\n\n<li>\u2026 se donner les moyens d\u2019oser davantage.<\/li>\n\n\n\n<li>\u2026 appartenir \u00e0 un r\u00e9seau vivant, engag\u00e9, libre.<\/li>\n<\/ul>\n","protected":false},"excerpt":{"rendered":"<p>Collectif d&rsquo;entraide pour auteurs et cr\u00e9ateurs. Un espace d\u2019\u00e9lan, de lien, de cr\u00e9ation. Le collectif est n\u00e9 d\u2019un besoin fondamental : ne plus se sentir&#8230;<\/p>\n","protected":false},"author":1,"featured_media":0,"parent":0,"menu_order":0,"comment_status":"closed","ping_status":"open","template":"","meta":{"footnotes":""},"class_list":["post-2","page","type-page","status-publish","hentry"],"_links":{"self":[{"href":"https:\/\/www.lesayantslibres.fr\/index.php\/wp-json\/wp\/v2\/pages\/2","targetHints":{"allow":["GET"]}}],"collection":[{"href":"https:\/\/www.lesayantslibres.fr\/index.php\/wp-json\/wp\/v2\/pages"}],"about":[{"href":"https:\/\/www.lesayantslibres.fr\/index.php\/wp-json\/wp\/v2\/types\/page"}],"author":[{"embeddable":true,"href":"https:\/\/www.lesayantslibres.fr\/index.php\/wp-json\/wp\/v2\/users\/1"}],"replies":[{"embeddable":true,"href":"https:\/\/www.lesayantslibres.fr\/index.php\/wp-json\/wp\/v2\/comments?post=2"}],"version-history":[{"count":18,"href":"https:\/\/www.lesayantslibres.fr\/index.php\/wp-json\/wp\/v2\/pages\/2\/revisions"}],"predecessor-version":[{"id":2552,"href":"https:\/\/www.lesayantslibres.fr\/index.php\/wp-json\/wp\/v2\/pages\/2\/revisions\/2552"}],"wp:attachment":[{"href":"https:\/\/www.lesayantslibres.fr\/index.php\/wp-json\/wp\/v2\/media?parent=2"}],"curies":[{"name":"wp","href":"https:\/\/api.w.org\/{rel}","templated":true}]}}