{"id":2307,"date":"2025-08-12T10:21:55","date_gmt":"2021-03-05T17:38:57","guid":{"rendered":""},"modified":"2025-08-13T18:18:36","modified_gmt":"2025-08-13T18:18:36","slug":"contact-us","status":"publish","type":"page","link":"https:\/\/www.lesayantslibres.fr\/index.php\/contact-us\/","title":{"rendered":"Demander \u00e0 adh\u00e9rer"},"content":{"rendered":"<div class=\"wp-block-image\">\n<figure class=\"aligncenter size-full is-resized\"><img loading=\"lazy\" decoding=\"async\" width=\"298\" height=\"312\" src=\"http:\/\/www.lesayantslibres.fr\/wp-content\/uploads\/2025\/08\/virgule-1.png\" alt=\"\" class=\"wp-image-2541\" style=\"width:67px;height:auto\" srcset=\"https:\/\/www.lesayantslibres.fr\/wp-content\/uploads\/2025\/08\/virgule-1.png 298w, https:\/\/www.lesayantslibres.fr\/wp-content\/uploads\/2025\/08\/virgule-1-287x300.png 287w\" sizes=\"auto, (max-width: 298px) 100vw, 298px\" \/><\/figure>\n<\/div>\n\n\n<p>Tu souhaites rejoindre le collectif et participer \u00e0 cette aventure artistique, humaine et solidaire ?<\/p>\n\n\n\n<p>Nous en sommes ravis. Mais avant tout, sache que notre collectif fonctionne sur la confiance, l\u2019engagement mutuel et la cooptation libre.<\/p>\n\n\n\n<p><strong>L\u2019adh\u00e9sion n\u2019est pas automatique<\/strong>&nbsp;: chaque demande est lue avec attention par les membres du collectif, et&nbsp;<strong>soumise \u00e0 validation \u00e0 la majorit\u00e9 des membres actifs, ainsi qu\u2019au mod\u00e9rateur<\/strong>. Ce n\u2019est pas une s\u00e9lection \u00e9litiste, mais un choix collectif pour pr\u00e9server la coh\u00e9rence du groupe, son \u00e9nergie et son \u00e9quilibre.<\/p>\n\n\n\n<p><strong>Ce que nous cherchons :<\/strong><\/p>\n\n\n\n<p>Des artistes engag\u00e9s dans une d\u00e9marche de cr\u00e9ation personnelle, pr\u00eats \u00e0 s\u2019impliquer activement dans la vie du collectif, \u00e0 donner autant qu\u2019\u00e0 recevoir, dans un cadre libre mais respectueux. <\/p>\n\n\n<div class=\"wp-block-image\">\n<figure class=\"aligncenter size-full is-resized\"><img loading=\"lazy\" decoding=\"async\" width=\"298\" height=\"312\" src=\"http:\/\/www.lesayantslibres.fr\/wp-content\/uploads\/2025\/08\/virgule-1.png\" alt=\"\" class=\"wp-image-2541\" style=\"width:67px;height:auto\" srcset=\"https:\/\/www.lesayantslibres.fr\/wp-content\/uploads\/2025\/08\/virgule-1.png 298w, https:\/\/www.lesayantslibres.fr\/wp-content\/uploads\/2025\/08\/virgule-1-287x300.png 287w\" sizes=\"auto, (max-width: 298px) 100vw, 298px\" \/><\/figure>\n<\/div>\n\n\n<p class=\"has-text-align-left has-medium-font-size\"><strong>Le formulaire<\/strong><\/p>\n\n\n\n<p class=\"has-text-align-left\" style=\"font-size:18px\">Le formulaire d&rsquo;adh\u00e9sion te demandera de : <\/p>\n\n\n\n<ul class=\"wp-block-list\">\n<li>te pr\u00e9senter en quelques lignes (parcours, pratiques, \u00e9lans)<\/li>\n\n\n\n<li>expliquer ce qui t\u2019attire dans le collectif<\/li>\n\n\n\n<li>d\u00e9crire ce que tu pourrais y apporter (comp\u00e9tences, regards, disponibilit\u00e9s\u2026)<\/li>\n\n\n\n<li>confirmer ton accord avec les valeurs et les engagements d\u00e9crits<\/li>\n<\/ul>\n\n\n\n<p class=\"has-text-align-left\" style=\"font-size:18px\">Une fois ta demande envoy\u00e9e,&nbsp;<strong>tu seras inform\u00e9\u00b7e sous deux \u00e0 trois semaines maximum<\/strong>&nbsp;de la d\u00e9cision du collectif.<\/p>\n\n\n\n<p class=\"has-text-align-left\" style=\"font-size:18px\"><\/p>\n\n\n<div class=\"wp-block-image\">\n<figure class=\"aligncenter size-full is-resized\"><img loading=\"lazy\" decoding=\"async\" width=\"298\" height=\"312\" src=\"http:\/\/www.lesayantslibres.fr\/wp-content\/uploads\/2025\/08\/virgule-1.png\" alt=\"\" class=\"wp-image-2541\" style=\"width:67px;height:auto\" srcset=\"https:\/\/www.lesayantslibres.fr\/wp-content\/uploads\/2025\/08\/virgule-1.png 298w, https:\/\/www.lesayantslibres.fr\/wp-content\/uploads\/2025\/08\/virgule-1-287x300.png 287w\" sizes=\"auto, (max-width: 298px) 100vw, 298px\" \/><\/figure>\n<\/div>\n\n\n<p class=\"has-text-align-left\" style=\"font-size:18px\"><strong>Frais d\u2019inscription<\/strong><\/p>\n\n\n\n<p class=\"has-text-align-left\" style=\"font-size:18px\">En cas d\u2019acceptation, une&nbsp;<strong>participation annuelle de 35\u20ac<\/strong>&nbsp;sera demand\u00e9e pour couvrir les frais de fonctionnement (site, outils partag\u00e9s, accueil des invit\u00e9s ext\u00e9rieurs, communication, etc.).<\/p>\n\n\n\n<p class=\"has-text-align-left\" style=\"font-size:18px\"><\/p>\n\n\n<div class=\"wp-block-image\">\n<figure class=\"aligncenter size-full is-resized\"><img loading=\"lazy\" decoding=\"async\" width=\"298\" height=\"312\" src=\"http:\/\/www.lesayantslibres.fr\/wp-content\/uploads\/2025\/08\/virgule-1.png\" alt=\"\" class=\"wp-image-2541\" style=\"width:67px;height:auto\" srcset=\"https:\/\/www.lesayantslibres.fr\/wp-content\/uploads\/2025\/08\/virgule-1.png 298w, https:\/\/www.lesayantslibres.fr\/wp-content\/uploads\/2025\/08\/virgule-1-287x300.png 287w\" sizes=\"auto, (max-width: 298px) 100vw, 298px\" \/><\/figure>\n<\/div>\n\n\n<blockquote class=\"wp-block-quote is-layout-flow wp-block-quote-is-layout-flow\">\n<p class=\"has-text-align-left\" style=\"font-size:18px\">Rejoindre le collectif, c\u2019est plus qu\u2019int\u00e9grer un groupe : C\u2019est s\u2019inscrire dans un mouvement, s\u2019ouvrir \u00e0 un r\u00e9seau vivant, g\u00e9n\u00e9reux, exigeant \u2014 et profond\u00e9ment libre.<\/p>\n\n\n\n<p class=\"has-text-align-left\" style=\"font-size:18px\"><strong>Si tu te reconnais dans cette d\u00e9marche, on a h\u00e2te de d\u00e9couvrir ta proposition.<\/strong><\/p>\n\n\n\n<p><\/p>\n<\/blockquote>\n\n\n\n<div class=\"wp-block-columns is-layout-flex wp-container-core-columns-is-layout-9d6595d7 wp-block-columns-is-layout-flex\">\n<div class=\"wp-block-column is-layout-flow wp-block-column-is-layout-flow\" style=\"flex-basis:33.33%\">\n<h2 class=\"wp-block-heading alignfull has-text-align-center\" id=\"h-let-s-chat\">Formulaire de demande d&rsquo;adh\u00e9sion<\/h2>\n\n\n\n<figure class=\"wp-block-image size-large\"><img loading=\"lazy\" decoding=\"async\" width=\"600\" height=\"600\" src=\"http:\/\/www.lesayantslibres.fr\/wp-content\/uploads\/2021\/03\/animated-arrow-form.gif\" alt=\"\" class=\"wp-image-2367\"\/><\/figure>\n<\/div>\n\n\n\n<div class=\"wp-block-column is-layout-flow wp-block-column-is-layout-flow\" style=\"flex-basis:66.66%\">\n<div class=\"wpcf7 no-js\" id=\"wpcf7-f25-o1\" lang=\"fr-FR\" dir=\"ltr\" data-wpcf7-id=\"25\">\n<div class=\"screen-reader-response\"><p role=\"status\" aria-live=\"polite\" aria-atomic=\"true\"><\/p> <ul><\/ul><\/div>\n<form action=\"\/index.php\/wp-json\/wp\/v2\/pages\/2307#wpcf7-f25-o1\" method=\"post\" class=\"wpcf7-form init\" aria-label=\"Formulaire de contact\" enctype=\"multipart\/form-data\" novalidate=\"novalidate\" data-status=\"init\">\n<fieldset class=\"hidden-fields-container\"><input type=\"hidden\" name=\"_wpcf7\" value=\"25\" \/><input type=\"hidden\" name=\"_wpcf7_version\" value=\"6.1.1\" \/><input type=\"hidden\" name=\"_wpcf7_locale\" value=\"fr_FR\" \/><input type=\"hidden\" name=\"_wpcf7_unit_tag\" value=\"wpcf7-f25-o1\" \/><input type=\"hidden\" name=\"_wpcf7_container_post\" value=\"0\" \/><input type=\"hidden\" name=\"_wpcf7_posted_data_hash\" value=\"\" \/>\n<\/fieldset>\n<p>Si vous souhaitez des renseignements avant de faire votre demande, vous pouvez nous joindre et laissez vos coordonn\u00e9es sur lesayantsdroits@gmail.com.\n<\/p>\n<p><label>Pr\u00e9nom *<br \/>\n<span class=\"wpcf7-form-control-wrap\" data-name=\"prenom\"><input size=\"40\" maxlength=\"400\" class=\"wpcf7-form-control wpcf7-text wpcf7-validates-as-required\" aria-required=\"true\" aria-invalid=\"false\" value=\"\" type=\"text\" name=\"prenom\" \/><\/span> <\/label>\n<\/p>\n<p><label>Nom *<br \/>\n<span class=\"wpcf7-form-control-wrap\" data-name=\"nom\"><input size=\"40\" maxlength=\"400\" class=\"wpcf7-form-control wpcf7-text wpcf7-validates-as-required\" aria-required=\"true\" aria-invalid=\"false\" value=\"\" type=\"text\" name=\"nom\" \/><\/span> <\/label>\n<\/p>\n<p><label>T\u00e9l\u00e9phone *<br \/>\n<span class=\"wpcf7-form-control-wrap\" data-name=\"telephone\"><input size=\"40\" maxlength=\"400\" class=\"wpcf7-form-control wpcf7-tel wpcf7-validates-as-required wpcf7-text wpcf7-validates-as-tel\" aria-required=\"true\" aria-invalid=\"false\" value=\"\" type=\"tel\" name=\"telephone\" \/><\/span> <\/label>\n<\/p>\n<p><label>Adresse e-mail *<br \/>\n<span class=\"wpcf7-form-control-wrap\" data-name=\"email\"><input size=\"40\" maxlength=\"400\" class=\"wpcf7-form-control wpcf7-email wpcf7-validates-as-required wpcf7-text wpcf7-validates-as-email\" aria-required=\"true\" aria-invalid=\"false\" value=\"\" type=\"email\" name=\"email\" \/><\/span> <\/label>\n<\/p>\n<p><label>Profession(s) d\u2019auteur\u00b7cr\u00e9ateur (\u00e9crivain, sc\u00e9nariste, dramaturge, photographe, etc.) *<br \/>\n<span class=\"wpcf7-form-control-wrap\" data-name=\"profession\"><input size=\"40\" maxlength=\"400\" class=\"wpcf7-form-control wpcf7-text wpcf7-validates-as-required\" aria-required=\"true\" aria-invalid=\"false\" value=\"\" type=\"text\" name=\"profession\" \/><\/span> <\/label>\n<\/p>\n<p><label>Vos attentes au sein du collectif (envies, besoins, types d\u2019accompagnement souhait\u00e9, etc.) *<br \/>\n<span class=\"wpcf7-form-control-wrap\" data-name=\"attentes\"><textarea cols=\"40\" rows=\"10\" maxlength=\"2000\" class=\"wpcf7-form-control wpcf7-textarea wpcf7-validates-as-required\" aria-required=\"true\" aria-invalid=\"false\" name=\"attentes\"><\/textarea><\/span> <\/label>\n<\/p>\n<p><label>Votre CV ou lien vers un portfolio (formats PDF, doc, etc.) *<br \/>\n<span class=\"wpcf7-form-control-wrap\" data-name=\"cv\"><input size=\"40\" class=\"wpcf7-form-control wpcf7-file wpcf7-validates-as-required\" accept=\".pdf,.doc,.docx,.odt\" aria-required=\"true\" aria-invalid=\"false\" type=\"file\" name=\"cv\" \/><\/span> <\/label>\n<\/p>\n<p><label>Votre motivation pour rejoindre le collectif (quel est votre \u00e9lan ?) *<br \/>\n<span class=\"wpcf7-form-control-wrap\" data-name=\"motivation\"><textarea cols=\"40\" rows=\"10\" maxlength=\"2000\" class=\"wpcf7-form-control wpcf7-textarea wpcf7-validates-as-required\" aria-required=\"true\" aria-invalid=\"false\" name=\"motivation\"><\/textarea><\/span> <\/label>\n<\/p>\n<p><label>Ce que vous \u00eates pr\u00eat\u00b7e \u00e0 apporter aux autres membres (comp\u00e9tences, regards, aides possibles\u2026) *<br \/>\n<span class=\"wpcf7-form-control-wrap\" data-name=\"apport\"><textarea cols=\"40\" rows=\"10\" maxlength=\"2000\" class=\"wpcf7-form-control wpcf7-textarea wpcf7-validates-as-required\" aria-required=\"true\" aria-invalid=\"false\" name=\"apport\"><\/textarea><\/span> <\/label>\n<\/p>\n<p><input class=\"wpcf7-form-control wpcf7-submit has-spinner\" type=\"submit\" value=\"Envoyer ma demande\" \/>\n<\/p><div class=\"wpcf7-response-output\" aria-hidden=\"true\"><\/div>\n<\/form>\n<\/div>\n\n<\/div>\n<\/div>\n\n\n\n<p><\/p>\n","protected":false},"excerpt":{"rendered":"<p>Tu souhaites rejoindre le collectif et participer \u00e0 cette aventure artistique, humaine et solidaire ? Nous en sommes ravis. Mais avant tout, sache que notre&#8230;<\/p>\n","protected":false},"author":1,"featured_media":0,"parent":0,"menu_order":0,"comment_status":"closed","ping_status":"closed","template":"","meta":{"footnotes":""},"class_list":["post-2307","page","type-page","status-publish","hentry"],"_links":{"self":[{"href":"https:\/\/www.lesayantslibres.fr\/index.php\/wp-json\/wp\/v2\/pages\/2307","targetHints":{"allow":["GET"]}}],"collection":[{"href":"https:\/\/www.lesayantslibres.fr\/index.php\/wp-json\/wp\/v2\/pages"}],"about":[{"href":"https:\/\/www.lesayantslibres.fr\/index.php\/wp-json\/wp\/v2\/types\/page"}],"author":[{"embeddable":true,"href":"https:\/\/www.lesayantslibres.fr\/index.php\/wp-json\/wp\/v2\/users\/1"}],"replies":[{"embeddable":true,"href":"https:\/\/www.lesayantslibres.fr\/index.php\/wp-json\/wp\/v2\/comments?post=2307"}],"version-history":[{"count":11,"href":"https:\/\/www.lesayantslibres.fr\/index.php\/wp-json\/wp\/v2\/pages\/2307\/revisions"}],"predecessor-version":[{"id":2605,"href":"https:\/\/www.lesayantslibres.fr\/index.php\/wp-json\/wp\/v2\/pages\/2307\/revisions\/2605"}],"wp:attachment":[{"href":"https:\/\/www.lesayantslibres.fr\/index.php\/wp-json\/wp\/v2\/media?parent=2307"}],"curies":[{"name":"wp","href":"https:\/\/api.w.org\/{rel}","templated":true}]}}