{"id":2372,"date":"2025-08-12T10:21:29","date_gmt":"2021-03-10T22:35:00","guid":{"rendered":""},"modified":"2025-08-13T19:44:28","modified_gmt":"2025-08-13T19:44:28","slug":"book-now","status":"publish","type":"page","link":"https:\/\/www.lesayantslibres.fr\/index.php\/book-now\/","title":{"rendered":"R\u00e9server les prochains \u00e9v\u00e9nements"},"content":{"rendered":"<div class=\"wp-block-image\">\n<figure class=\"aligncenter size-full is-resized\"><img loading=\"lazy\" decoding=\"async\" width=\"298\" height=\"312\" src=\"http:\/\/www.lesayantslibres.fr\/wp-content\/uploads\/2025\/08\/virgule-1.png\" alt=\"\" class=\"wp-image-2541\" style=\"width:72px;height:auto\" srcset=\"https:\/\/www.lesayantslibres.fr\/wp-content\/uploads\/2025\/08\/virgule-1.png 298w, https:\/\/www.lesayantslibres.fr\/wp-content\/uploads\/2025\/08\/virgule-1-287x300.png 287w\" sizes=\"auto, (max-width: 298px) 100vw, 298px\" \/><\/figure>\n<\/div>\n\n\n<p>Prochainement, vous retrouverez ici le formulaire d&rsquo;inscription aux d\u00e9bats et soir\u00e9es du collectif.<\/p>\n\n\n\n<div class=\"wp-block-buttons is-horizontal is-content-justification-center is-layout-flex wp-container-core-buttons-is-layout-499968f5 wp-block-buttons-is-layout-flex\">\n<div class=\"wp-block-button\"><a class=\"wp-block-button__link has-dark-gray-color has-yellow-background-color has-text-color has-background wp-element-button\" style=\"border-radius:2px\">TARIFS ADH\u00c9RENTS<\/a><\/div>\n\n\n\n<div class=\"wp-block-button is-style-outline is-style-outline--1\"><a class=\"wp-block-button__link has-dark-gray-color has-yellow-background-color has-text-color has-background wp-element-button\" href=\"#scheduleyourappointmentnow\" style=\"border-radius:2px\">TARIFS PUBLIC<\/a><\/div>\n<\/div>\n\n\n<div class=\"wp-block-image\">\n<figure class=\"aligncenter size-large is-resized\"><img loading=\"lazy\" decoding=\"async\" width=\"600\" height=\"600\" src=\"http:\/\/www.lesayantslibres.fr\/wp-content\/uploads\/2021\/03\/book-now-arrow.gif\" alt=\"\" class=\"wp-image-2381\" style=\"width:282px;height:282px\"\/><\/figure>\n<\/div>\n\n\n<h2 class=\"wp-block-heading\">Les d\u00e9bats de la Parole Libre <\/h2>\n\n\n\n<h4 class=\"wp-block-heading\">Prochainement<\/h4>\n\n\n\n<hr class=\"wp-block-separator has-css-opacity\"\/>\n\n\n\n<div class=\"wp-block-columns is-layout-flex wp-container-core-columns-is-layout-9d6595d7 wp-block-columns-is-layout-flex\">\n<div class=\"wp-block-column is-layout-flow wp-block-column-is-layout-flow\">\n<figure class=\"wp-block-image size-full is-resized is-style-default\"><img loading=\"lazy\" decoding=\"async\" width=\"298\" height=\"312\" src=\"http:\/\/www.lesayantslibres.fr\/wp-content\/uploads\/2025\/08\/virgule-1.png\" alt=\"\" class=\"wp-image-2541\" style=\"width:245px;height:367px\" srcset=\"https:\/\/www.lesayantslibres.fr\/wp-content\/uploads\/2025\/08\/virgule-1.png 298w, https:\/\/www.lesayantslibres.fr\/wp-content\/uploads\/2025\/08\/virgule-1-287x300.png 287w\" sizes=\"auto, (max-width: 298px) 100vw, 298px\" \/><figcaption class=\"wp-element-caption\">Kelsey &#8211; Owner<\/figcaption><\/figure>\n<\/div>\n\n\n\n<div class=\"wp-block-column is-vertically-aligned-center is-layout-flow wp-block-column-is-layout-flow\">\n<div class=\"wp-block-buttons alignfull is-horizontal is-content-justification-center is-layout-flex wp-container-core-buttons-is-layout-499968f5 wp-block-buttons-is-layout-flex\">\n<div class=\"wp-block-button\"><a class=\"wp-block-button__link wp-element-button\">Book Now<\/a><\/div>\n<\/div>\n<\/div>\n<\/div>\n","protected":false},"excerpt":{"rendered":"<p>Prochainement, vous retrouverez ici le formulaire d&rsquo;inscription aux d\u00e9bats et soir\u00e9es du collectif. Les d\u00e9bats de la Parole Libre Prochainement<\/p>\n","protected":false},"author":1,"featured_media":0,"parent":0,"menu_order":0,"comment_status":"closed","ping_status":"closed","template":"","meta":{"footnotes":""},"class_list":["post-2372","page","type-page","status-publish","hentry"],"_links":{"self":[{"href":"https:\/\/www.lesayantslibres.fr\/index.php\/wp-json\/wp\/v2\/pages\/2372","targetHints":{"allow":["GET"]}}],"collection":[{"href":"https:\/\/www.lesayantslibres.fr\/index.php\/wp-json\/wp\/v2\/pages"}],"about":[{"href":"https:\/\/www.lesayantslibres.fr\/index.php\/wp-json\/wp\/v2\/types\/page"}],"author":[{"embeddable":true,"href":"https:\/\/www.lesayantslibres.fr\/index.php\/wp-json\/wp\/v2\/users\/1"}],"replies":[{"embeddable":true,"href":"https:\/\/www.lesayantslibres.fr\/index.php\/wp-json\/wp\/v2\/comments?post=2372"}],"version-history":[{"count":3,"href":"https:\/\/www.lesayantslibres.fr\/index.php\/wp-json\/wp\/v2\/pages\/2372\/revisions"}],"predecessor-version":[{"id":2613,"href":"https:\/\/www.lesayantslibres.fr\/index.php\/wp-json\/wp\/v2\/pages\/2372\/revisions\/2613"}],"wp:attachment":[{"href":"https:\/\/www.lesayantslibres.fr\/index.php\/wp-json\/wp\/v2\/media?parent=2372"}],"curies":[{"name":"wp","href":"https:\/\/api.w.org\/{rel}","templated":true}]}}