{"id":2493,"date":"2025-08-12T10:21:57","date_gmt":"2021-03-09T14:11:37","guid":{"rendered":"http:\/\/www.lesayantslibres.fr\/index.php\/services\/"},"modified":"2025-08-13T20:10:04","modified_gmt":"2025-08-13T20:10:04","slug":"services","status":"publish","type":"page","link":"https:\/\/www.lesayantslibres.fr\/index.php\/services\/","title":{"rendered":"Nos Rendez-vous"},"content":{"rendered":"<div class=\"wp-block-image\">\n<figure class=\"aligncenter size-full is-resized\"><img loading=\"lazy\" decoding=\"async\" width=\"298\" height=\"312\" src=\"http:\/\/www.lesayantslibres.fr\/wp-content\/uploads\/2025\/08\/virgule-1.png\" alt=\"\" class=\"wp-image-2541\" style=\"width:87px;height:auto\" srcset=\"https:\/\/www.lesayantslibres.fr\/wp-content\/uploads\/2025\/08\/virgule-1.png 298w, https:\/\/www.lesayantslibres.fr\/wp-content\/uploads\/2025\/08\/virgule-1-287x300.png 287w\" sizes=\"auto, (max-width: 298px) 100vw, 298px\" \/><\/figure>\n<\/div>\n\n\n<p><strong>Tisser du lien, nourrir la cr\u00e9ation<\/strong>.<\/p>\n\n\n\n<p>La vie du collectif se manifeste, se cultive, s\u2019incarne. \u00c0 travers des rendez-vous r\u00e9guliers, nous faisons vivre ce lien qui nous unit, entre solitude cr\u00e9ative et \u00e9lan commun. Trois temps forts jalonnent notre ann\u00e9e :<\/p>\n\n\n\n<ul class=\"wp-block-list\">\n<li>des rencontres mensuelles pour \u00e9changer, partager, s\u2019entraider,<\/li>\n\n\n\n<li>des d\u00e9bats trimestriels pour penser nos m\u00e9tiers et d\u00e9fendre nos droits,<\/li>\n\n\n\n<li>une grande soir\u00e9e annuelle pour c\u00e9l\u00e9brer ensemble ce qui nous anime.<\/li>\n<\/ul>\n\n\n\n<p>Ces \u00e9v\u00e9nements sont ouverts \u00e0 les membres du collectif qui souhaitent cr\u00e9er autrement, dans un cadre libre, vivant et solidaire&#8230; <\/p>\n\n\n\n<p>Parce que l\u2019art ne pousse pas en vase clos. Il a besoin de regards, de dialogues, de pr\u00e9sences.<\/p>\n\n\n<div class=\"wp-block-image\">\n<figure class=\"aligncenter size-full is-resized\"><img loading=\"lazy\" decoding=\"async\" width=\"298\" height=\"312\" src=\"http:\/\/www.lesayantslibres.fr\/wp-content\/uploads\/2025\/08\/virgule-1.png\" alt=\"\" class=\"wp-image-2541\" style=\"width:87px;height:auto\" srcset=\"https:\/\/www.lesayantslibres.fr\/wp-content\/uploads\/2025\/08\/virgule-1.png 298w, https:\/\/www.lesayantslibres.fr\/wp-content\/uploads\/2025\/08\/virgule-1-287x300.png 287w\" sizes=\"auto, (max-width: 298px) 100vw, 298px\" \/><\/figure>\n<\/div>\n\n\n<div class=\"wp-block-columns has-gray-background-color has-background is-layout-flex wp-container-core-columns-is-layout-9d6595d7 wp-block-columns-is-layout-flex\">\n<div class=\"wp-block-column is-layout-flow wp-block-column-is-layout-flow\">\n<h3 class=\"wp-block-heading has-text-align-center\" id=\"h-basic\">L&rsquo;Atelier ouvert<\/h3>\n\n\n\n<p class=\"has-text-align-center\">Tous les mois<\/p>\n\n\n\n<p>Chaque mois, les membres du collectif se retrouvent pour une soir\u00e9e informelle et cr\u00e9ative. C\u2019est un espace de partage, de retour sur projets en cours, de lectures, d\u2019\u00e9lans spontan\u00e9s ou de simples discussions autour de nos pratiques. Chacun vient comme il est, avec ses doutes, ses envies, son \u00e9nergie du moment. C\u2019est un souffle r\u00e9gulier, une respiration collective pour ne jamais perdre le fil.<\/p>\n<\/div>\n\n\n\n<div class=\"wp-block-column is-layout-flow wp-block-column-is-layout-flow\">\n<h3 class=\"wp-block-heading has-text-align-center\" id=\"h-agency\">La Parole libre<\/h3>\n\n\n\n<p class=\"has-text-align-center\">Tous les trimestres<\/p>\n\n\n\n<p>Tous les trois mois, nous organisons une soir\u00e9e de d\u00e9bat autour d\u2019une grande question qui traverse nos m\u00e9tiers : la place des auteurs dans la cha\u00eene de production, la censure, la r\u00e9mun\u00e9ration, la notion d\u2019engagement artistique, la propri\u00e9t\u00e9 intellectuelle, l&rsquo;utilisation de l&rsquo;IA\u2026 Ces d\u00e9bats sont anim\u00e9s par des professionnels invit\u00e9s. Nourris d\u2019exp\u00e9riences, d\u2019analyses, d\u2019exemples, ils donnent lieu \u00e0 des \u00e9changes profonds, parfois vifs, toujours constructifs. Parce que penser notre r\u00f4le, c\u2019est aussi l\u2019assumer pleinement.<\/p>\n<\/div>\n\n\n\n<div class=\"wp-block-column is-layout-flow wp-block-column-is-layout-flow\">\n<h3 class=\"wp-block-heading has-text-align-center\" id=\"h-pro\">L&rsquo;\u00e9lan artistique<\/h3>\n\n\n\n<p class=\"has-text-align-center\">Une fois par an<\/p>\n\n\n\n<p>Une fois par an, le collectif ouvre grand ses portes pour une soir\u00e9e exceptionnelle m\u00ealant rencontres, lectures publiques, performances, projections, expos, musique\u2026 C\u2019est un moment festif et f\u00e9d\u00e9rateur, une vitrine joyeuse de nos cr\u00e9ations et de nos \u00e9nergies. L\u2019occasion de montrer, de c\u00e9l\u00e9brer, de se rencontrer autrement \u2014 et de rappeler que l\u2019art se vit ensemble, hors des cadres, dans la lumi\u00e8re.<\/p>\n<\/div>\n<\/div>\n\n\n\n<h2 class=\"wp-block-heading\" id=\"h-our-guarantee\"><\/h2>\n\n\n\n<p>Les ateliers mensuels sont exclusivement r\u00e9serv\u00e9s aux membres du collectif Les Ayants Libres. Les d\u00e9bats et la soir\u00e9e annuelle sont ouverts au public moyennant des frais d&rsquo;inscription.<\/p>\n","protected":false},"excerpt":{"rendered":"<p>Tisser du lien, nourrir la cr\u00e9ation. La vie du collectif se manifeste, se cultive, s\u2019incarne. \u00c0 travers des rendez-vous r\u00e9guliers, nous faisons vivre ce lien&#8230;<\/p>\n","protected":false},"author":1,"featured_media":0,"parent":0,"menu_order":0,"comment_status":"closed","ping_status":"closed","template":"","meta":{"footnotes":""},"class_list":["post-2493","page","type-page","status-publish","hentry"],"_links":{"self":[{"href":"https:\/\/www.lesayantslibres.fr\/index.php\/wp-json\/wp\/v2\/pages\/2493","targetHints":{"allow":["GET"]}}],"collection":[{"href":"https:\/\/www.lesayantslibres.fr\/index.php\/wp-json\/wp\/v2\/pages"}],"about":[{"href":"https:\/\/www.lesayantslibres.fr\/index.php\/wp-json\/wp\/v2\/types\/page"}],"author":[{"embeddable":true,"href":"https:\/\/www.lesayantslibres.fr\/index.php\/wp-json\/wp\/v2\/users\/1"}],"replies":[{"embeddable":true,"href":"https:\/\/www.lesayantslibres.fr\/index.php\/wp-json\/wp\/v2\/comments?post=2493"}],"version-history":[{"count":9,"href":"https:\/\/www.lesayantslibres.fr\/index.php\/wp-json\/wp\/v2\/pages\/2493\/revisions"}],"predecessor-version":[{"id":2618,"href":"https:\/\/www.lesayantslibres.fr\/index.php\/wp-json\/wp\/v2\/pages\/2493\/revisions\/2618"}],"wp:attachment":[{"href":"https:\/\/www.lesayantslibres.fr\/index.php\/wp-json\/wp\/v2\/media?parent=2493"}],"curies":[{"name":"wp","href":"https:\/\/api.w.org\/{rel}","templated":true}]}}