{"id":26,"date":"2025-08-12T10:21:28","date_gmt":"2021-03-09T09:03:37","guid":{"rendered":"http:\/\/www.lesayantslibres.fr\/index.php\/about-us\/"},"modified":"2025-08-13T15:23:21","modified_gmt":"2025-08-13T15:23:21","slug":"about-us","status":"publish","type":"page","link":"https:\/\/www.lesayantslibres.fr\/index.php\/about-us\/","title":{"rendered":"Votre engagement"},"content":{"rendered":"<div class=\"wp-block-image\">\n<figure class=\"aligncenter size-full is-resized\"><img loading=\"lazy\" decoding=\"async\" width=\"298\" height=\"312\" src=\"http:\/\/www.lesayantslibres.fr\/wp-content\/uploads\/2025\/08\/virgule-1.png\" alt=\"\" class=\"wp-image-2541\" style=\"width:81px;height:auto\" srcset=\"https:\/\/www.lesayantslibres.fr\/wp-content\/uploads\/2025\/08\/virgule-1.png 298w, https:\/\/www.lesayantslibres.fr\/wp-content\/uploads\/2025\/08\/virgule-1-287x300.png 287w\" sizes=\"auto, (max-width: 298px) 100vw, 298px\" \/><\/figure>\n<\/div>\n\n\n<p><br><strong>L\u2019engagement des membres<\/strong><\/p>\n\n\n\n<p>Rejoindre le collectif, c\u2019est entrer dans un cercle d\u2019\u00e9change, de confiance et de r\u00e9ciprocit\u00e9. Nous ne sommes pas l\u00e0 pour consommer des services, mais pour\u00a0<strong>prendre soin les uns des autres<\/strong>, \u00e0 hauteur de nos moyens, de notre temps, et de notre \u00e9nergie.<\/p>\n\n\n\n<p>Le collectif repose sur une id\u00e9e simple :\u00a0<strong>chacun re\u00e7oit, chacun donne<\/strong>. C\u2019est pourquoi l\u2019adh\u00e9sion implique un engagement actif, bienveillant, et concret.<\/p>\n\n\n<div class=\"wp-block-image\">\n<figure class=\"aligncenter size-full is-resized\"><img loading=\"lazy\" decoding=\"async\" width=\"298\" height=\"312\" src=\"http:\/\/www.lesayantslibres.fr\/wp-content\/uploads\/2025\/08\/virgule-1.png\" alt=\"\" class=\"wp-image-2541\" style=\"width:81px;height:auto\" srcset=\"https:\/\/www.lesayantslibres.fr\/wp-content\/uploads\/2025\/08\/virgule-1.png 298w, https:\/\/www.lesayantslibres.fr\/wp-content\/uploads\/2025\/08\/virgule-1-287x300.png 287w\" sizes=\"auto, (max-width: 298px) 100vw, 298px\" \/><\/figure>\n<\/div>\n\n\n<h3 class=\"wp-block-heading\"><strong>Un engagement souple, mais r\u00e9el<\/strong> :<\/h3>\n\n\n\n<p><span style=\"font-family: -webkit-standard; font-size: medium; white-space: normal;\">\ud83d\udc49\u00a0<\/span><strong>Pr\u00e9sence r\u00e9guli\u00e8re aux rendez-vous mensuels<\/strong>, dans la mesure du possible. C\u2019est l\u00e0 que le lien se tisse et que la confiance s\u2019installe.<\/p>\n\n\n\n<p>\ud83d\udc49\u00a0<strong>Participation \u00e0 au moins deux accompagnements par an<\/strong>\u00a0: lecture de dossier, retour sur un projet, aide \u00e0 une candidature, partage de ressources ou d\u2019expertise\u2026<\/p>\n\n\n\n<p>\ud83d\udc49&nbsp;<strong>Respect du cadre<\/strong>&nbsp;: confidentialit\u00e9 des \u00e9changes, bienveillance dans les retours, ponctualit\u00e9 dans les engagements pris.<\/p>\n\n\n\n<p>\ud83d\udc49&nbsp;<strong>Implication \u00e0 la mesure de chacun<\/strong>&nbsp;: pas de pression, mais une circulation \u00e9quilibr\u00e9e des \u00e9nergies. On peut traverser des p\u00e9riodes de retrait \u2013 \u00e0 condition de rester en lien.<\/p>\n\n\n\n<blockquote class=\"wp-block-quote is-style-large is-layout-flow wp-block-quote-is-layout-flow\" id=\"output\">\n<p><strong>Le collectif ne se contente pas de rassembler. Il relie. Il soutient. Il active.<\/strong> Et cela commence par un engagement libre, mais clair.<\/p>\n<\/blockquote>\n\n\n<div class=\"wp-block-image\">\n<figure class=\"aligncenter size-full is-resized\"><img loading=\"lazy\" decoding=\"async\" width=\"298\" height=\"312\" src=\"http:\/\/www.lesayantslibres.fr\/wp-content\/uploads\/2025\/08\/virgule-1.png\" alt=\"\" class=\"wp-image-2541\" style=\"width:81px;height:auto\" srcset=\"https:\/\/www.lesayantslibres.fr\/wp-content\/uploads\/2025\/08\/virgule-1.png 298w, https:\/\/www.lesayantslibres.fr\/wp-content\/uploads\/2025\/08\/virgule-1-287x300.png 287w\" sizes=\"auto, (max-width: 298px) 100vw, 298px\" \/><\/figure>\n<\/div>\n\n\n<p><strong>L\u2019accompagnement : une cl\u00e9 du collectif<\/strong><\/p>\n\n\n\n<p>Chaque membre s\u2019engage \u00e0\u00a0<strong>accompagner un autre membre au moins deux fois par an<\/strong>, selon ses comp\u00e9tences ou disponibilit\u00e9s. Cela peut prendre plusieurs formes :<\/p>\n\n\n\n<ul class=\"wp-block-list\">\n<li>relire un sc\u00e9nario, un synopsis, un dossier<\/li>\n\n\n\n<li>aider \u00e0 pr\u00e9parer un pitch ou un appel \u00e0 projet<\/li>\n\n\n\n<li>donner un retour strat\u00e9gique sur une \u0153uvre en d\u00e9veloppement<\/li>\n\n\n\n<li>partager un contact ou une ressource utile, et organiser la rencontre<\/li>\n\n\n\n<li>aider \u00e0 formaliser une id\u00e9e ou r\u00e9diger une note d\u2019intention&#8230; <\/li>\n<\/ul>\n\n\n\n<p>Ce syst\u00e8me d\u2019accompagnement mutuel est\u00a0<strong>l\u2019\u00e2me du collectif<\/strong>\u00a0: il permet de grandir ensemble, de sortir de l\u2019isolement, et de donner de la valeur \u00e0 ce que chacun sait, fait, ou sent.<\/p>\n","protected":false},"excerpt":{"rendered":"<p>L\u2019engagement des membres Rejoindre le collectif, c\u2019est entrer dans un cercle d\u2019\u00e9change, de confiance et de r\u00e9ciprocit\u00e9. Nous ne sommes pas l\u00e0 pour consommer des&#8230;<\/p>\n","protected":false},"author":1,"featured_media":0,"parent":0,"menu_order":0,"comment_status":"closed","ping_status":"closed","template":"","meta":{"footnotes":""},"class_list":["post-26","page","type-page","status-publish","hentry"],"_links":{"self":[{"href":"https:\/\/www.lesayantslibres.fr\/index.php\/wp-json\/wp\/v2\/pages\/26","targetHints":{"allow":["GET"]}}],"collection":[{"href":"https:\/\/www.lesayantslibres.fr\/index.php\/wp-json\/wp\/v2\/pages"}],"about":[{"href":"https:\/\/www.lesayantslibres.fr\/index.php\/wp-json\/wp\/v2\/types\/page"}],"author":[{"embeddable":true,"href":"https:\/\/www.lesayantslibres.fr\/index.php\/wp-json\/wp\/v2\/users\/1"}],"replies":[{"embeddable":true,"href":"https:\/\/www.lesayantslibres.fr\/index.php\/wp-json\/wp\/v2\/comments?post=26"}],"version-history":[{"count":3,"href":"https:\/\/www.lesayantslibres.fr\/index.php\/wp-json\/wp\/v2\/pages\/26\/revisions"}],"predecessor-version":[{"id":2567,"href":"https:\/\/www.lesayantslibres.fr\/index.php\/wp-json\/wp\/v2\/pages\/26\/revisions\/2567"}],"wp:attachment":[{"href":"https:\/\/www.lesayantslibres.fr\/index.php\/wp-json\/wp\/v2\/media?parent=26"}],"curies":[{"name":"wp","href":"https:\/\/api.w.org\/{rel}","templated":true}]}}